{"id":252,"date":"2023-08-31T10:04:08","date_gmt":"2023-08-31T08:04:08","guid":{"rendered":"http:\/\/18.159.50.198\/?page_id=252"},"modified":"2025-10-03T13:46:56","modified_gmt":"2025-10-03T11:46:56","slug":"kapcsolat","status":"publish","type":"page","link":"https:\/\/bszl.hu\/en\/kapcsolat\/","title":{"rendered":"Contact us"},"content":{"rendered":"<div data-elementor-type=\"wp-page\" data-elementor-id=\"252\" class=\"elementor elementor-252\" data-elementor-post-type=\"page\">\n\t\t\t\t<div class=\"elementor-element elementor-element-cb15b1f e-flex e-con-boxed e-con e-parent\" data-id=\"cb15b1f\" data-element_type=\"container\" data-e-type=\"container\">\n\t\t\t\t\t<div class=\"e-con-inner\">\n\t\t\t\t<div class=\"elementor-element elementor-element-2b673a2 elementor-widget elementor-widget-heading\" data-id=\"2b673a2\" data-element_type=\"widget\" data-e-type=\"widget\" data-widget_type=\"heading.default\">\n\t\t\t\t<div class=\"elementor-widget-container\">\n\t\t\t\t\t<h1 class=\"elementor-heading-title elementor-size-default\"><br>CONTACT US<\/h1>\t\t\t\t<\/div>\n\t\t\t\t<\/div>\n\t\t\t\t\t<\/div>\n\t\t\t\t<\/div>\n\t\t<div class=\"elementor-element elementor-element-7bd3481 e-con-full e-flex e-con e-parent\" data-id=\"7bd3481\" data-element_type=\"container\" data-e-type=\"container\">\n\t\t<div class=\"elementor-element elementor-element-b9d831f e-con-full e-flex e-con e-child\" data-id=\"b9d831f\" data-element_type=\"container\" data-e-type=\"container\" data-settings=\"{&quot;background_background&quot;:&quot;classic&quot;}\">\n\t\t<div class=\"elementor-element elementor-element-9cef312 e-con-full e-flex e-con e-child\" data-id=\"9cef312\" data-element_type=\"container\" data-e-type=\"container\" data-settings=\"{&quot;background_background&quot;:&quot;classic&quot;}\">\n\t\t\t\t<div class=\"elementor-element elementor-element-fc31cec elementor-widget elementor-widget-heading\" data-id=\"fc31cec\" data-element_type=\"widget\" data-e-type=\"widget\" data-widget_type=\"heading.default\">\n\t\t\t\t<div class=\"elementor-widget-container\">\n\t\t\t\t\t<h3 class=\"elementor-heading-title elementor-size-default\">DISPATCHER SERVICE\n<\/h3>\t\t\t\t<\/div>\n\t\t\t\t<\/div>\n\t\t\t\t<div class=\"elementor-element elementor-element-1267283 elementor-view-stacked elementor-shape-square elementor-position-inline-start elementor-mobile-position-inline-start elementor-widget elementor-widget-icon-box\" data-id=\"1267283\" data-element_type=\"widget\" data-e-type=\"widget\" data-widget_type=\"icon-box.default\">\n\t\t\t\t<div class=\"elementor-widget-container\">\n\t\t\t\t\t\t\t<div class=\"elementor-icon-box-wrapper\">\n\n\t\t\t\t\t\t<div class=\"elementor-icon-box-icon\">\n\t\t\t\t<a href=\"tel:+36309660179\" class=\"elementor-icon\" tabindex=\"-1\" aria-label=\"+36 30 966 0179\">\n\t\t\t\t<svg xmlns=\"http:\/\/www.w3.org\/2000\/svg\" width=\"25\" height=\"25\" viewbox=\"0 0 25 25\" fill=\"none\"><path d=\"M21.1055 15.9142V20.0396C21.1056 20.3349 20.9937 20.6194 20.7923 20.8355C20.591 21.0516 20.3151 21.1832 20.0205 21.2039C19.5106 21.2389 19.0941 21.2576 18.7721 21.2576C8.4623 21.2576 0.105469 12.9007 0.105469 2.5909C0.105469 2.2689 0.122969 1.8524 0.159135 1.34257C0.179812 1.04792 0.31148 0.772081 0.527573 0.570712C0.743666 0.369343 1.0281 0.257435 1.32347 0.257569H5.4488C5.59351 0.257422 5.73311 0.311071 5.84049 0.408092C5.94786 0.505114 6.01533 0.638582 6.0298 0.782569C6.05664 1.0509 6.08114 1.2644 6.10447 1.42657C6.33633 3.04465 6.81147 4.61837 7.5138 6.0944C7.62464 6.32774 7.5523 6.60657 7.3423 6.7559L4.82464 8.5549C6.364 12.1418 9.22244 15.0002 12.8093 16.5396L14.606 14.0266C14.6794 13.9239 14.7865 13.8503 14.9087 13.8185C15.0309 13.7867 15.1603 13.7988 15.2745 13.8527C16.7503 14.5537 18.3236 15.0277 19.9411 15.2586C20.1033 15.2819 20.3168 15.3076 20.5828 15.3332C20.7266 15.348 20.8598 15.4156 20.9565 15.5229C21.0533 15.6303 21.1068 15.7697 21.1066 15.9142H21.1055Z\" fill=\"#0082FC\"><\/path><\/svg>\t\t\t\t<\/a>\n\t\t\t<\/div>\n\t\t\t\n\t\t\t\t\t\t<div class=\"elementor-icon-box-content\">\n\n\t\t\t\t\t\t\t\t\t<span class=\"elementor-icon-box-title\">\n\t\t\t\t\t\t<a href=\"tel:+36309660179\" >\n\t\t\t\t\t\t\t+36 30 966 0179\t\t\t\t\t\t<\/a>\n\t\t\t\t\t<\/span>\n\t\t\t\t\n\t\t\t\t\n\t\t\t<\/div>\n\t\t\t\n\t\t<\/div>\n\t\t\t\t\t\t<\/div>\n\t\t\t\t<\/div>\n\t\t\t\t<div class=\"elementor-element elementor-element-12e5282 elementor-view-stacked elementor-shape-square elementor-position-inline-start elementor-mobile-position-inline-start elementor-widget elementor-widget-icon-box\" data-id=\"12e5282\" data-element_type=\"widget\" data-e-type=\"widget\" data-widget_type=\"icon-box.default\">\n\t\t\t\t<div class=\"elementor-widget-container\">\n\t\t\t\t\t\t\t<div class=\"elementor-icon-box-wrapper\">\n\n\t\t\t\t\t\t<div class=\"elementor-icon-box-icon\">\n\t\t\t\t<a href=\"mailto:diszpecser@bszl.hu\" class=\"elementor-icon\" tabindex=\"-1\" aria-label=\"diszpecser@bszl.hu\">\n\t\t\t\t<svg xmlns=\"http:\/\/www.w3.org\/2000\/svg\" width=\"32\" height=\"28\" viewbox=\"0 0 32 28\" fill=\"none\"><path d=\"M3.99984 3.5H27.9998C28.3535 3.5 28.6926 3.62292 28.9426 3.84171C29.1927 4.0605 29.3332 4.35725 29.3332 4.66667V23.3333C29.3332 23.6428 29.1927 23.9395 28.9426 24.1583C28.6926 24.3771 28.3535 24.5 27.9998 24.5H3.99984C3.64622 24.5 3.30708 24.3771 3.05703 24.1583C2.80698 23.9395 2.6665 23.6428 2.6665 23.3333V4.66667C2.6665 4.35725 2.80698 4.0605 3.05703 3.84171C3.30708 3.62292 3.64622 3.5 3.99984 3.5ZM16.0798 13.6302L7.5305 7.27767L5.80384 9.05567L16.0972 16.7032L26.2052 9.04983L24.4612 7.28467L16.0812 13.6302H16.0798Z\" fill=\"#0082FC\"><\/path><\/svg>\t\t\t\t<\/a>\n\t\t\t<\/div>\n\t\t\t\n\t\t\t\t\t\t<div class=\"elementor-icon-box-content\">\n\n\t\t\t\t\t\t\t\t\t<span class=\"elementor-icon-box-title\">\n\t\t\t\t\t\t<a href=\"mailto:diszpecser@bszl.hu\" >\n\t\t\t\t\t\t\tdiszpecser@bszl.hu\t\t\t\t\t\t<\/a>\n\t\t\t\t\t<\/span>\n\t\t\t\t\n\t\t\t\t\n\t\t\t<\/div>\n\t\t\t\n\t\t<\/div>\n\t\t\t\t\t\t<\/div>\n\t\t\t\t<\/div>\n\t\t\t\t<div class=\"elementor-element elementor-element-f1a4b91 elementor-view-stacked elementor-shape-square elementor-position-inline-start elementor-mobile-position-inline-start elementor-widget-mobile__width-initial elementor-widget elementor-widget-icon-box\" data-id=\"f1a4b91\" data-element_type=\"widget\" data-e-type=\"widget\" data-widget_type=\"icon-box.default\">\n\t\t\t\t<div class=\"elementor-widget-container\">\n\t\t\t\t\t\t\t<div class=\"elementor-icon-box-wrapper\">\n\n\t\t\t\t\t\t<div class=\"elementor-icon-box-icon\">\n\t\t\t\t<span  class=\"elementor-icon\">\n\t\t\t\t<svg xmlns=\"http:\/\/www.w3.org\/2000\/svg\" width=\"28\" height=\"28\" viewbox=\"0 0 28 28\" fill=\"none\"><g clip-path=\"url(#clip0_230_18394)\"><path d=\"M20.5543 6.96266L22.2495 5.26749L23.8992 6.91716L22.204 8.61232C23.8791 10.709 24.6877 13.3675 24.4639 16.0418C24.2401 18.7161 23.0008 21.2032 21.0006 22.9923C19.0003 24.7814 16.3909 25.7368 13.7083 25.6621C11.0257 25.5874 8.4735 24.4884 6.57587 22.5908C4.67824 20.6931 3.57924 18.1409 3.50456 15.4583C3.42988 12.7757 4.3852 10.1663 6.17431 8.16609C7.96343 6.16583 10.4505 4.92653 13.1248 4.70273C15.7991 4.47892 18.4576 5.28759 20.5543 6.96266ZM14 23.3333C15.0724 23.3333 16.1344 23.1221 17.1252 22.7117C18.1161 22.3013 19.0163 21.6997 19.7747 20.9414C20.533 20.183 21.1346 19.2827 21.545 18.2919C21.9554 17.3011 22.1667 16.2391 22.1667 15.1667C22.1667 14.0942 21.9554 13.0322 21.545 12.0414C21.1346 11.0506 20.533 10.1503 19.7747 9.39195C19.0163 8.63361 18.1161 8.03205 17.1252 7.62164C16.1344 7.21123 15.0724 6.99999 14 6.99999C11.8341 6.99999 9.75683 7.8604 8.22528 9.39195C6.69373 10.9235 5.83332 13.0007 5.83332 15.1667C5.83332 17.3326 6.69373 19.4098 8.22528 20.9414C9.75683 22.4729 11.8341 23.3333 14 23.3333ZM12.8333 9.33332H15.1667V16.3333H12.8333V9.33332ZM9.33332 1.16666H18.6667V3.49999H9.33332V1.16666Z\" fill=\"#0082FC\"><\/path><\/g><defs><clippath id=\"clip0_230_18394\"><rect width=\"28\" height=\"28\" fill=\"white\"><\/rect><\/clippath><\/defs><\/svg>\t\t\t\t<\/span>\n\t\t\t<\/div>\n\t\t\t\n\t\t\t\t\t\t<div class=\"elementor-icon-box-content\">\n\n\t\t\t\t\t\t\t\t\t<span class=\"elementor-icon-box-title\">\n\t\t\t\t\t\t<span  >\n\t\t\t\t\t\t\t0-24h\t\t\t\t\t\t<\/span>\n\t\t\t\t\t<\/span>\n\t\t\t\t\n\t\t\t\t\n\t\t\t<\/div>\n\t\t\t\n\t\t<\/div>\n\t\t\t\t\t\t<\/div>\n\t\t\t\t<\/div>\n\t\t\t\t<\/div>\n\t\t<div class=\"elementor-element elementor-element-a7628ef e-con-full e-flex e-con e-child\" data-id=\"a7628ef\" data-element_type=\"container\" data-e-type=\"container\" data-settings=\"{&quot;background_background&quot;:&quot;classic&quot;}\">\n\t\t\t\t<div class=\"elementor-element elementor-element-f5a5688 elementor-widget elementor-widget-heading\" data-id=\"f5a5688\" data-element_type=\"widget\" data-e-type=\"widget\" data-widget_type=\"heading.default\">\n\t\t\t\t<div class=\"elementor-widget-container\">\n\t\t\t\t\t<h3 class=\"elementor-heading-title elementor-size-default\">OPERATION<br><\/h3>\t\t\t\t<\/div>\n\t\t\t\t<\/div>\n\t\t\t\t<div class=\"elementor-element elementor-element-26ad7fe elementor-view-stacked elementor-shape-square elementor-position-inline-start elementor-mobile-position-inline-start elementor-widget elementor-widget-icon-box\" data-id=\"26ad7fe\" data-element_type=\"widget\" data-e-type=\"widget\" data-widget_type=\"icon-box.default\">\n\t\t\t\t<div class=\"elementor-widget-container\">\n\t\t\t\t\t\t\t<div class=\"elementor-icon-box-wrapper\">\n\n\t\t\t\t\t\t<div class=\"elementor-icon-box-icon\">\n\t\t\t\t<a href=\"tel:+36309711949\" class=\"elementor-icon\" tabindex=\"-1\" aria-label=\"+36 30 971 1949\">\n\t\t\t\t<svg xmlns=\"http:\/\/www.w3.org\/2000\/svg\" width=\"25\" height=\"25\" viewbox=\"0 0 25 25\" fill=\"none\"><path d=\"M21.1055 15.9142V20.0396C21.1056 20.3349 20.9937 20.6194 20.7923 20.8355C20.591 21.0516 20.3151 21.1832 20.0205 21.2039C19.5106 21.2389 19.0941 21.2576 18.7721 21.2576C8.4623 21.2576 0.105469 12.9007 0.105469 2.5909C0.105469 2.2689 0.122969 1.8524 0.159135 1.34257C0.179812 1.04792 0.31148 0.772081 0.527573 0.570712C0.743666 0.369343 1.0281 0.257435 1.32347 0.257569H5.4488C5.59351 0.257422 5.73311 0.311071 5.84049 0.408092C5.94786 0.505114 6.01533 0.638582 6.0298 0.782569C6.05664 1.0509 6.08114 1.2644 6.10447 1.42657C6.33633 3.04465 6.81147 4.61837 7.5138 6.0944C7.62464 6.32774 7.5523 6.60657 7.3423 6.7559L4.82464 8.5549C6.364 12.1418 9.22244 15.0002 12.8093 16.5396L14.606 14.0266C14.6794 13.9239 14.7865 13.8503 14.9087 13.8185C15.0309 13.7867 15.1603 13.7988 15.2745 13.8527C16.7503 14.5537 18.3236 15.0277 19.9411 15.2586C20.1033 15.2819 20.3168 15.3076 20.5828 15.3332C20.7266 15.348 20.8598 15.4156 20.9565 15.5229C21.0533 15.6303 21.1068 15.7697 21.1066 15.9142H21.1055Z\" fill=\"#0082FC\"><\/path><\/svg>\t\t\t\t<\/a>\n\t\t\t<\/div>\n\t\t\t\n\t\t\t\t\t\t<div class=\"elementor-icon-box-content\">\n\n\t\t\t\t\t\t\t\t\t<span class=\"elementor-icon-box-title\">\n\t\t\t\t\t\t<a href=\"tel:+36309711949\" >\n\t\t\t\t\t\t\t+36 30 971 1949\t\t\t\t\t\t<\/a>\n\t\t\t\t\t<\/span>\n\t\t\t\t\n\t\t\t\t\n\t\t\t<\/div>\n\t\t\t\n\t\t<\/div>\n\t\t\t\t\t\t<\/div>\n\t\t\t\t<\/div>\n\t\t\t\t<div class=\"elementor-element elementor-element-a2d5754 elementor-view-stacked elementor-shape-square elementor-position-inline-start elementor-mobile-position-inline-start elementor-widget elementor-widget-icon-box\" data-id=\"a2d5754\" data-element_type=\"widget\" data-e-type=\"widget\" data-widget_type=\"icon-box.default\">\n\t\t\t\t<div class=\"elementor-widget-container\">\n\t\t\t\t\t\t\t<div class=\"elementor-icon-box-wrapper\">\n\n\t\t\t\t\t\t<div class=\"elementor-icon-box-icon\">\n\t\t\t\t<a href=\"http:\/\/dock.smartmester.hu\" target=\"_blank\" class=\"elementor-icon\" tabindex=\"-1\" aria-label=\"dock.smartmester.hu\" rel=\"noopener\">\n\t\t\t\t<svg xmlns=\"http:\/\/www.w3.org\/2000\/svg\" width=\"32\" height=\"28\" viewbox=\"0 0 32 28\" fill=\"none\"><path d=\"M3.99984 3.5H27.9998C28.3535 3.5 28.6926 3.62292 28.9426 3.84171C29.1927 4.0605 29.3332 4.35725 29.3332 4.66667V23.3333C29.3332 23.6428 29.1927 23.9395 28.9426 24.1583C28.6926 24.3771 28.3535 24.5 27.9998 24.5H3.99984C3.64622 24.5 3.30708 24.3771 3.05703 24.1583C2.80698 23.9395 2.6665 23.6428 2.6665 23.3333V4.66667C2.6665 4.35725 2.80698 4.0605 3.05703 3.84171C3.30708 3.62292 3.64622 3.5 3.99984 3.5ZM16.0798 13.6302L7.5305 7.27767L5.80384 9.05567L16.0972 16.7032L26.2052 9.04983L24.4612 7.28467L16.0812 13.6302H16.0798Z\" fill=\"#0082FC\"><\/path><\/svg>\t\t\t\t<\/a>\n\t\t\t<\/div>\n\t\t\t\n\t\t\t\t\t\t<div class=\"elementor-icon-box-content\">\n\n\t\t\t\t\t\t\t\t\t<span class=\"elementor-icon-box-title\">\n\t\t\t\t\t\t<a href=\"http:\/\/dock.smartmester.hu\" target=\"_blank\" rel=\"noopener\">\n\t\t\t\t\t\t\tdock.smartmester.hu\t\t\t\t\t\t<\/a>\n\t\t\t\t\t<\/span>\n\t\t\t\t\n\t\t\t\t\n\t\t\t<\/div>\n\t\t\t\n\t\t<\/div>\n\t\t\t\t\t\t<\/div>\n\t\t\t\t<\/div>\n\t\t\t\t<div class=\"elementor-element elementor-element-e2f73cc elementor-view-stacked elementor-shape-square elementor-position-inline-start elementor-mobile-position-inline-start elementor-widget elementor-widget-icon-box\" data-id=\"e2f73cc\" data-element_type=\"widget\" data-e-type=\"widget\" data-widget_type=\"icon-box.default\">\n\t\t\t\t<div class=\"elementor-widget-container\">\n\t\t\t\t\t\t\t<div class=\"elementor-icon-box-wrapper\">\n\n\t\t\t\t\t\t<div class=\"elementor-icon-box-icon\">\n\t\t\t\t<span  class=\"elementor-icon\">\n\t\t\t\t<svg xmlns=\"http:\/\/www.w3.org\/2000\/svg\" width=\"28\" height=\"28\" viewbox=\"0 0 28 28\" fill=\"none\"><g clip-path=\"url(#clip0_230_18394)\"><path d=\"M20.5543 6.96266L22.2495 5.26749L23.8992 6.91716L22.204 8.61232C23.8791 10.709 24.6877 13.3675 24.4639 16.0418C24.2401 18.7161 23.0008 21.2032 21.0006 22.9923C19.0003 24.7814 16.3909 25.7368 13.7083 25.6621C11.0257 25.5874 8.4735 24.4884 6.57587 22.5908C4.67824 20.6931 3.57924 18.1409 3.50456 15.4583C3.42988 12.7757 4.3852 10.1663 6.17431 8.16609C7.96343 6.16583 10.4505 4.92653 13.1248 4.70273C15.7991 4.47892 18.4576 5.28759 20.5543 6.96266ZM14 23.3333C15.0724 23.3333 16.1344 23.1221 17.1252 22.7117C18.1161 22.3013 19.0163 21.6997 19.7747 20.9414C20.533 20.183 21.1346 19.2827 21.545 18.2919C21.9554 17.3011 22.1667 16.2391 22.1667 15.1667C22.1667 14.0942 21.9554 13.0322 21.545 12.0414C21.1346 11.0506 20.533 10.1503 19.7747 9.39195C19.0163 8.63361 18.1161 8.03205 17.1252 7.62164C16.1344 7.21123 15.0724 6.99999 14 6.99999C11.8341 6.99999 9.75683 7.8604 8.22528 9.39195C6.69373 10.9235 5.83332 13.0007 5.83332 15.1667C5.83332 17.3326 6.69373 19.4098 8.22528 20.9414C9.75683 22.4729 11.8341 23.3333 14 23.3333ZM12.8333 9.33332H15.1667V16.3333H12.8333V9.33332ZM9.33332 1.16666H18.6667V3.49999H9.33332V1.16666Z\" fill=\"#0082FC\"><\/path><\/g><defs><clippath id=\"clip0_230_18394\"><rect width=\"28\" height=\"28\" fill=\"white\"><\/rect><\/clippath><\/defs><\/svg>\t\t\t\t<\/span>\n\t\t\t<\/div>\n\t\t\t\n\t\t\t\t\t\t<div class=\"elementor-icon-box-content\">\n\n\t\t\t\t\t\t\t\t\t<span class=\"elementor-icon-box-title\">\n\t\t\t\t\t\t<span  >\n\t\t\t\t\t\t\t08:00 - 17:00\t\t\t\t\t\t<\/span>\n\t\t\t\t\t<\/span>\n\t\t\t\t\n\t\t\t\t\n\t\t\t<\/div>\n\t\t\t\n\t\t<\/div>\n\t\t\t\t\t\t<\/div>\n\t\t\t\t<\/div>\n\t\t\t\t<\/div>\n\t\t\t\t<\/div>\n\t\t<div class=\"elementor-element elementor-element-0f50e19 e-con-full e-flex e-con e-child\" data-id=\"0f50e19\" data-element_type=\"container\" data-e-type=\"container\">\n\t\t\t\t<div class=\"elementor-element elementor-element-8a483d6 elementor-widget elementor-widget-wp-widget-forminator_widget\" data-id=\"8a483d6\" data-element_type=\"widget\" data-e-type=\"widget\" data-widget_type=\"wp-widget-forminator_widget.default\">\n\t\t\t\t<div class=\"elementor-widget-container\">\n\t\t\t\t\t<form id=\"forminator-module-303\" class=\"forminator-custom-form forminator-custom-form-303\" method=\"post\" data-forminator-render=\"0\" data-uid=\"69da509200e8d\" action=\"\"><div role=\"alert\" aria-live=\"polite\" class=\"forminator-response-message forminator-error\" aria-hidden=\"true\"><\/div><input type=\"hidden\" name=\"trp-form-language\" value=\"en\"\/><\/form>\t\t\t\t<\/div>\n\t\t\t\t<\/div>\n\t\t\t\t<\/div>\n\t\t\t\t<\/div>\n\t\t<div class=\"elementor-element elementor-element-0623877 e-flex e-con-boxed e-con e-parent\" data-id=\"0623877\" data-element_type=\"container\" data-e-type=\"container\">\n\t\t\t\t\t<div class=\"e-con-inner\">\n\t\t<div class=\"elementor-element elementor-element-38a95ef e-con-full e-flex e-con e-child\" data-id=\"38a95ef\" data-element_type=\"container\" data-e-type=\"container\" data-settings=\"{&quot;background_background&quot;:&quot;classic&quot;}\">\n\t\t\t\t<div class=\"elementor-element elementor-element-da6aebc elementor-widget elementor-widget-heading\" data-id=\"da6aebc\" data-element_type=\"widget\" data-e-type=\"widget\" data-widget_type=\"heading.default\">\n\t\t\t\t<div class=\"elementor-widget-container\">\n\t\t\t\t\t<h2 class=\"elementor-heading-title elementor-size-default\">SALES DEPARTMENT<\/h2>\t\t\t\t<\/div>\n\t\t\t\t<\/div>\n\t\t<div class=\"elementor-element elementor-element-05dd23c e-con-full e-flex e-con e-child\" data-id=\"05dd23c\" data-element_type=\"container\" data-e-type=\"container\" data-settings=\"{&quot;background_background&quot;:&quot;classic&quot;}\">\n\t\t<div class=\"elementor-element elementor-element-f6833e5 e-con-full e-flex e-con e-child\" data-id=\"f6833e5\" data-element_type=\"container\" data-e-type=\"container\" data-settings=\"{&quot;background_background&quot;:&quot;classic&quot;}\">\n\t\t\t\t<div class=\"elementor-element elementor-element-db743e5 elementor-widget elementor-widget-heading\" data-id=\"db743e5\" data-element_type=\"widget\" data-e-type=\"widget\" data-widget_type=\"heading.default\">\n\t\t\t\t<div class=\"elementor-widget-container\">\n\t\t\t\t\t<h3 class=\"elementor-heading-title elementor-size-default\">Balogh Ferenc<\/h3>\t\t\t\t<\/div>\n\t\t\t\t<\/div>\n\t\t\t\t<div class=\"elementor-element elementor-element-aaeb210 elementor-widget elementor-widget-text-editor\" data-id=\"aaeb210\" data-element_type=\"widget\" data-e-type=\"widget\" data-widget_type=\"text-editor.default\">\n\t\t\t\t<div class=\"elementor-widget-container\">\n\t\t\t\t\t\t\t\t\t<p>fejleszt\u00e9si igazgat\u00f3<\/p>\t\t\t\t\t\t\t\t<\/div>\n\t\t\t\t<\/div>\n\t\t\t\t<div class=\"elementor-element elementor-element-1b8700d elementor-view-stacked elementor-shape-square elementor-position-inline-start elementor-mobile-position-inline-start elementor-widget elementor-widget-icon-box\" data-id=\"1b8700d\" data-element_type=\"widget\" data-e-type=\"widget\" data-widget_type=\"icon-box.default\">\n\t\t\t\t<div class=\"elementor-widget-container\">\n\t\t\t\t\t\t\t<div class=\"elementor-icon-box-wrapper\">\n\n\t\t\t\t\t\t<div class=\"elementor-icon-box-icon\">\n\t\t\t\t<a href=\"mailto:%20f.balogh@bszl.hu\" target=\"_blank\" class=\"elementor-icon\" tabindex=\"-1\" aria-label=\"f.balogh@bszl.hu\">\n\t\t\t\t<svg aria-hidden=\"true\" class=\"e-font-icon-svg e-far-envelope\" viewbox=\"0 0 512 512\" xmlns=\"http:\/\/www.w3.org\/2000\/svg\"><path d=\"M464 64H48C21.49 64 0 85.49 0 112v288c0 26.51 21.49 48 48 48h416c26.51 0 48-21.49 48-48V112c0-26.51-21.49-48-48-48zm0 48v40.805c-22.422 18.259-58.168 46.651-134.587 106.49-16.841 13.247-50.201 45.072-73.413 44.701-23.208.375-56.579-31.459-73.413-44.701C106.18 199.465 70.425 171.067 48 152.805V112h416zM48 400V214.398c22.914 18.251 55.409 43.862 104.938 82.646 21.857 17.205 60.134 55.186 103.062 54.955 42.717.231 80.509-37.199 103.053-54.947 49.528-38.783 82.032-64.401 104.947-82.653V400H48z\"><\/path><\/svg>\t\t\t\t<\/a>\n\t\t\t<\/div>\n\t\t\t\n\t\t\t\t\t\t<div class=\"elementor-icon-box-content\">\n\n\t\t\t\t\t\t\t\t\t<span class=\"elementor-icon-box-title\">\n\t\t\t\t\t\t<a href=\"mailto:%20f.balogh@bszl.hu\" target=\"_blank\" >\n\t\t\t\t\t\t\tf.balogh@bszl.hu\t\t\t\t\t\t<\/a>\n\t\t\t\t\t<\/span>\n\t\t\t\t\n\t\t\t\t\n\t\t\t<\/div>\n\t\t\t\n\t\t<\/div>\n\t\t\t\t\t\t<\/div>\n\t\t\t\t<\/div>\n\t\t\t\t<\/div>\n\t\t\t\t<\/div>\n\t\t\t\t<\/div>\n\t\t<div class=\"elementor-element elementor-element-04fc536 e-con-full e-flex e-con e-child\" data-id=\"04fc536\" data-element_type=\"container\" data-e-type=\"container\">\n\t\t\t\t<div class=\"elementor-element elementor-element-ef685be elementor-widget elementor-widget-heading\" data-id=\"ef685be\" data-element_type=\"widget\" data-e-type=\"widget\" data-widget_type=\"heading.default\">\n\t\t\t\t<div class=\"elementor-widget-container\">\n\t\t\t\t\t<h2 class=\"elementor-heading-title elementor-size-default\">ACCESSIBILITY<\/h2>\t\t\t\t<\/div>\n\t\t\t\t<\/div>\n\t\t<div class=\"elementor-element elementor-element-4590455 e-con-full e-flex e-con e-child\" data-id=\"4590455\" data-element_type=\"container\" data-e-type=\"container\">\n\t\t\t\t<div class=\"elementor-element elementor-element-d8d908e elementor-widget elementor-widget-image\" data-id=\"d8d908e\" data-element_type=\"widget\" data-e-type=\"widget\" data-widget_type=\"image.default\">\n\t\t\t\t<div class=\"elementor-widget-container\">\n\t\t\t\t\t\t\t\t\t\t\t\t\t\t\t\t<a href=\"https:\/\/maps.app.goo.gl\/AVSBaqWpqbYqmFxy7\" target=\"_blank\" rel=\"noopener\">\n\t\t\t\t\t\t\t<img decoding=\"async\" src=\"https:\/\/www.bszl.hu\/wp-content\/uploads\/2025\/09\/BP_terkep_logoval.webp\" title=\"BP_terkep_logoval\" alt=\"BP_terkep_logoval\" loading=\"lazy\" \/>\t\t\t\t\t\t\t\t<\/a>\n\t\t\t\t\t\t\t\t\t\t\t\t\t\t\t<\/div>\n\t\t\t\t<\/div>\n\t\t\t\t<\/div>\n\t\t\t\t<\/div>\n\t\t\t\t\t<\/div>\n\t\t\t\t<\/div>\n\t\t\t\t<\/div>","protected":false},"excerpt":{"rendered":"<p>L\u00c9PJEN VEL\u00dcNK KAPCSOLATBA DISZP\u00c9CSERSZOLG\u00c1LAT +36 30 966 0179 diszpecser@bszl.hu 0-24h \u00dcZEMELTET\u00c9S +36 30 971 1949 dock.smartmester.hu 08:00 &#8211; 17:00 EL\u00c9RHET\u0150S\u00c9G Balogh Ferenc fejleszt\u00e9si igazgat\u00f3 f.balogh@bszl.hu MEGK\u00d6ZEL\u00cdTHET\u0150S\u00c9G<\/p>","protected":false},"author":2,"featured_media":0,"parent":0,"menu_order":0,"comment_status":"closed","ping_status":"closed","template":"","meta":{"footnotes":""},"class_list":["post-252","page","type-page","status-publish","hentry"],"_links":{"self":[{"href":"https:\/\/bszl.hu\/en\/wp-json\/wp\/v2\/pages\/252","targetHints":{"allow":["GET"]}}],"collection":[{"href":"https:\/\/bszl.hu\/en\/wp-json\/wp\/v2\/pages"}],"about":[{"href":"https:\/\/bszl.hu\/en\/wp-json\/wp\/v2\/types\/page"}],"author":[{"embeddable":true,"href":"https:\/\/bszl.hu\/en\/wp-json\/wp\/v2\/users\/2"}],"replies":[{"embeddable":true,"href":"https:\/\/bszl.hu\/en\/wp-json\/wp\/v2\/comments?post=252"}],"version-history":[{"count":211,"href":"https:\/\/bszl.hu\/en\/wp-json\/wp\/v2\/pages\/252\/revisions"}],"predecessor-version":[{"id":7678,"href":"https:\/\/bszl.hu\/en\/wp-json\/wp\/v2\/pages\/252\/revisions\/7678"}],"wp:attachment":[{"href":"https:\/\/bszl.hu\/en\/wp-json\/wp\/v2\/media?parent=252"}],"curies":[{"name":"wp","href":"https:\/\/api.w.org\/{rel}","templated":true}]}}